{"id":879,"date":"2025-02-24T23:29:21","date_gmt":"2025-02-24T22:29:21","guid":{"rendered":"https:\/\/courtadeimmo.fr\/?page_id=879"},"modified":"2025-02-24T23:29:21","modified_gmt":"2025-02-24T22:29:21","slug":"mention-legales","status":"publish","type":"page","link":"https:\/\/courtadeimmo.fr\/?page_id=879","title":{"rendered":"Mention l\u00e9gales"},"content":{"rendered":"\n<h2 class=\"wp-block-heading\">Conform\u00e9ment aux dispositions de la loi n\u00b0 2004-575 du 21 juin 2004 pour la confiance en l&rsquo;\u00e9conomie num\u00e9rique, il est pr\u00e9cis\u00e9 aux utilisateurs du site Courtade Immobilier l&rsquo;identit\u00e9 des diff\u00e9rents intervenants dans le cadre de sa r\u00e9alisation et de son suivi.<\/h2>\n\n\n\n<p><strong>Edition du site<\/strong><\/p>\n\n\n\n<p>Le pr\u00e9sent site, accessible \u00e0 l\u2019URL https:\/\/courtadeimmo.fr\/ (le \u00ab Site \u00bb), est \u00e9dit\u00e9 par :<\/p>\n\n\n\n<p>Courtade Immobilier , soci\u00e9t\u00e9 au capital de 2000 euros, inscrite au R.C.S. de PAU sous le num\u00e9ro 815 068 853 R.C.S. Pau, dont le si\u00e8ge social est situ\u00e9 au 11 Rue des Hirondelles, 64140 Lons, repr\u00e9sent\u00e9(e) par Christophe Courtade d\u00fbment habilit\u00e9(e)<\/p>\n\n\n\n<p>Le num\u00e9ro individuel TVA de l\u2019\u00e9diteur est : FR16815068853.<\/p>\n\n\n\n<p><strong>H\u00e9bergement<\/strong><\/p>\n\n\n\n<p>Le Site est h\u00e9berg\u00e9 par la soci\u00e9t\u00e9 hebergeur-discount.com, situ\u00e9 10 rue Penthi\u00e8vre 75008 Paris (FRANCE), (contact t\u00e9l\u00e9phonique ou email : +33177623003).<\/p>\n\n\n\n<p><strong>Directeur de publication<\/strong><\/p>\n\n\n\n<p>Le Directeur de la publication du Site est Christophe Courtade .<\/p>\n\n\n\n<p><strong>Nous contacter<\/strong><\/p>\n\n\n\n<p>Par t\u00e9l\u00e9phone : +33612483078<br>Par email : christophe@courtadeimmo.fr<br>Par courrier : 11 RUE DES HIRONDELLES, 64140 LONS<\/p>\n\n\n\n<p>Donn\u00e9es personnelles<\/p>\n\n\n\n<p>Le traitement de vos donn\u00e9es \u00e0 caract\u00e8re personnel est r\u00e9gi par notre Charte du respect de la vie priv\u00e9e, disponible depuis la section \u00ab\u00a0Charte de Protection des Donn\u00e9es Personnelles\u00a0\u00bb, conform\u00e9ment au R\u00e8glement G\u00e9n\u00e9ral sur la Protection des Donn\u00e9es 2016\/679 du 27 avril 2016 (\u00abRGPD\u00bb).<\/p>\n","protected":false},"excerpt":{"rendered":"<p>Conform\u00e9ment aux dispositions de la loi n\u00b0 2004-575 du 21 juin 2004 pour la confiance en l&rsquo;\u00e9conomie num\u00e9rique, il est pr\u00e9cis\u00e9 aux utilisateurs du site Courtade Immobilier l&rsquo;identit\u00e9 des diff\u00e9rents intervenants dans le cadre de sa r\u00e9alisation et de son suivi. Edition du site Le pr\u00e9sent site, accessible \u00e0 l\u2019URL https:\/\/courtadeimmo.fr\/ (le \u00ab Site \u00bb), [&hellip;]<\/p>\n","protected":false},"author":1,"featured_media":0,"parent":0,"menu_order":0,"comment_status":"closed","ping_status":"closed","template":"","meta":{"ocean_post_layout":"","ocean_both_sidebars_style":"","ocean_both_sidebars_content_width":0,"ocean_both_sidebars_sidebars_width":0,"ocean_sidebar":"","ocean_second_sidebar":"","ocean_disable_margins":"enable","ocean_add_body_class":"","ocean_shortcode_before_top_bar":"","ocean_shortcode_after_top_bar":"","ocean_shortcode_before_header":"","ocean_shortcode_after_header":"","ocean_has_shortcode":"","ocean_shortcode_after_title":"","ocean_shortcode_before_footer_widgets":"","ocean_shortcode_after_footer_widgets":"","ocean_shortcode_before_footer_bottom":"","ocean_shortcode_after_footer_bottom":"","ocean_display_top_bar":"default","ocean_display_header":"default","ocean_header_style":"","ocean_center_header_left_menu":"","ocean_custom_header_template":"","ocean_custom_logo":0,"ocean_custom_retina_logo":0,"ocean_custom_logo_max_width":0,"ocean_custom_logo_tablet_max_width":0,"ocean_custom_logo_mobile_max_width":0,"ocean_custom_logo_max_height":0,"ocean_custom_logo_tablet_max_height":0,"ocean_custom_logo_mobile_max_height":0,"ocean_header_custom_menu":"","ocean_menu_typo_font_family":"","ocean_menu_typo_font_subset":"","ocean_menu_typo_font_size":0,"ocean_menu_typo_font_size_tablet":0,"ocean_menu_typo_font_size_mobile":0,"ocean_menu_typo_font_size_unit":"px","ocean_menu_typo_font_weight":"","ocean_menu_typo_font_weight_tablet":"","ocean_menu_typo_font_weight_mobile":"","ocean_menu_typo_transform":"","ocean_menu_typo_transform_tablet":"","ocean_menu_typo_transform_mobile":"","ocean_menu_typo_line_height":0,"ocean_menu_typo_line_height_tablet":0,"ocean_menu_typo_line_height_mobile":0,"ocean_menu_typo_line_height_unit":"","ocean_menu_typo_spacing":0,"ocean_menu_typo_spacing_tablet":0,"ocean_menu_typo_spacing_mobile":0,"ocean_menu_typo_spacing_unit":"","ocean_menu_link_color":"","ocean_menu_link_color_hover":"","ocean_menu_link_color_active":"","ocean_menu_link_background":"","ocean_menu_link_hover_background":"","ocean_menu_link_active_background":"","ocean_menu_social_links_bg":"","ocean_menu_social_hover_links_bg":"","ocean_menu_social_links_color":"","ocean_menu_social_hover_links_color":"","ocean_disable_title":"default","ocean_disable_heading":"default","ocean_post_title":"","ocean_post_subheading":"","ocean_post_title_style":"","ocean_post_title_background_color":"","ocean_post_title_background":0,"ocean_post_title_bg_image_position":"","ocean_post_title_bg_image_attachment":"","ocean_post_title_bg_image_repeat":"","ocean_post_title_bg_image_size":"","ocean_post_title_height":0,"ocean_post_title_bg_overlay":0.5,"ocean_post_title_bg_overlay_color":"","ocean_disable_breadcrumbs":"default","ocean_breadcrumbs_color":"","ocean_breadcrumbs_separator_color":"","ocean_breadcrumbs_links_color":"","ocean_breadcrumbs_links_hover_color":"","ocean_display_footer_widgets":"default","ocean_display_footer_bottom":"default","ocean_custom_footer_template":"","footnotes":""},"class_list":["post-879","page","type-page","status-publish","hentry","entry"],"yoast_head":"<!-- This site is optimized with the Yoast SEO plugin v26.7 - https:\/\/yoast.com\/wordpress\/plugins\/seo\/ -->\n<title>Mention l\u00e9gales - Courtade Immobilier<\/title>\n<meta name=\"robots\" content=\"index, follow, max-snippet:-1, max-image-preview:large, max-video-preview:-1\" \/>\n<link rel=\"canonical\" href=\"https:\/\/courtadeimmo.fr\/?page_id=879\" \/>\n<meta property=\"og:locale\" content=\"fr_FR\" \/>\n<meta property=\"og:type\" content=\"article\" \/>\n<meta property=\"og:title\" content=\"Mention l\u00e9gales - Courtade Immobilier\" \/>\n<meta property=\"og:description\" content=\"Conform\u00e9ment aux dispositions de la loi n\u00b0 2004-575 du 21 juin 2004 pour la confiance en l&rsquo;\u00e9conomie num\u00e9rique, il est pr\u00e9cis\u00e9 aux utilisateurs du site Courtade Immobilier l&rsquo;identit\u00e9 des diff\u00e9rents intervenants dans le cadre de sa r\u00e9alisation et de son suivi. Edition du site Le pr\u00e9sent site, accessible \u00e0 l\u2019URL https:\/\/courtadeimmo.fr\/ (le \u00ab Site \u00bb), [&hellip;]\" \/>\n<meta property=\"og:url\" content=\"https:\/\/courtadeimmo.fr\/?page_id=879\" \/>\n<meta property=\"og:site_name\" content=\"Courtade Immobilier\" \/>\n<meta name=\"twitter:card\" content=\"summary_large_image\" \/>\n<meta name=\"twitter:label1\" content=\"Dur\u00e9e de lecture estim\u00e9e\" \/>\n\t<meta name=\"twitter:data1\" content=\"1 minute\" \/>\n<script type=\"application\/ld+json\" class=\"yoast-schema-graph\">{\"@context\":\"https:\/\/schema.org\",\"@graph\":[{\"@type\":\"WebPage\",\"@id\":\"https:\/\/courtadeimmo.fr\/?page_id=879\",\"url\":\"https:\/\/courtadeimmo.fr\/?page_id=879\",\"name\":\"Mention l\u00e9gales - Courtade Immobilier\",\"isPartOf\":{\"@id\":\"https:\/\/courtadeimmo.fr\/#website\"},\"datePublished\":\"2025-02-24T22:29:21+00:00\",\"breadcrumb\":{\"@id\":\"https:\/\/courtadeimmo.fr\/?page_id=879#breadcrumb\"},\"inLanguage\":\"fr-FR\",\"potentialAction\":[{\"@type\":\"ReadAction\",\"target\":[\"https:\/\/courtadeimmo.fr\/?page_id=879\"]}]},{\"@type\":\"BreadcrumbList\",\"@id\":\"https:\/\/courtadeimmo.fr\/?page_id=879#breadcrumb\",\"itemListElement\":[{\"@type\":\"ListItem\",\"position\":1,\"name\":\"Accueil\",\"item\":\"https:\/\/courtadeimmo.fr\/\"},{\"@type\":\"ListItem\",\"position\":2,\"name\":\"Mention l\u00e9gales\"}]},{\"@type\":\"WebSite\",\"@id\":\"https:\/\/courtadeimmo.fr\/#website\",\"url\":\"https:\/\/courtadeimmo.fr\/\",\"name\":\"Courtade Immobilier\",\"description\":\"\",\"publisher\":{\"@id\":\"https:\/\/courtadeimmo.fr\/#organization\"},\"potentialAction\":[{\"@type\":\"SearchAction\",\"target\":{\"@type\":\"EntryPoint\",\"urlTemplate\":\"https:\/\/courtadeimmo.fr\/?s={search_term_string}\"},\"query-input\":{\"@type\":\"PropertyValueSpecification\",\"valueRequired\":true,\"valueName\":\"search_term_string\"}}],\"inLanguage\":\"fr-FR\"},{\"@type\":\"Organization\",\"@id\":\"https:\/\/courtadeimmo.fr\/#organization\",\"name\":\"Courtade Immobilier\",\"url\":\"https:\/\/courtadeimmo.fr\/\",\"logo\":{\"@type\":\"ImageObject\",\"inLanguage\":\"fr-FR\",\"@id\":\"https:\/\/courtadeimmo.fr\/#\/schema\/logo\/image\/\",\"url\":\"https:\/\/courtadeimmo.fr\/wp-content\/uploads\/2025\/02\/logoCourtade.png\",\"contentUrl\":\"https:\/\/courtadeimmo.fr\/wp-content\/uploads\/2025\/02\/logoCourtade.png\",\"width\":500,\"height\":111,\"caption\":\"Courtade Immobilier\"},\"image\":{\"@id\":\"https:\/\/courtadeimmo.fr\/#\/schema\/logo\/image\/\"}}]}<\/script>\n<!-- \/ Yoast SEO plugin. -->","yoast_head_json":{"title":"Mention l\u00e9gales - Courtade Immobilier","robots":{"index":"index","follow":"follow","max-snippet":"max-snippet:-1","max-image-preview":"max-image-preview:large","max-video-preview":"max-video-preview:-1"},"canonical":"https:\/\/courtadeimmo.fr\/?page_id=879","og_locale":"fr_FR","og_type":"article","og_title":"Mention l\u00e9gales - Courtade Immobilier","og_description":"Conform\u00e9ment aux dispositions de la loi n\u00b0 2004-575 du 21 juin 2004 pour la confiance en l&rsquo;\u00e9conomie num\u00e9rique, il est pr\u00e9cis\u00e9 aux utilisateurs du site Courtade Immobilier l&rsquo;identit\u00e9 des diff\u00e9rents intervenants dans le cadre de sa r\u00e9alisation et de son suivi. Edition du site Le pr\u00e9sent site, accessible \u00e0 l\u2019URL https:\/\/courtadeimmo.fr\/ (le \u00ab Site \u00bb), [&hellip;]","og_url":"https:\/\/courtadeimmo.fr\/?page_id=879","og_site_name":"Courtade Immobilier","twitter_card":"summary_large_image","twitter_misc":{"Dur\u00e9e de lecture estim\u00e9e":"1 minute"},"schema":{"@context":"https:\/\/schema.org","@graph":[{"@type":"WebPage","@id":"https:\/\/courtadeimmo.fr\/?page_id=879","url":"https:\/\/courtadeimmo.fr\/?page_id=879","name":"Mention l\u00e9gales - Courtade Immobilier","isPartOf":{"@id":"https:\/\/courtadeimmo.fr\/#website"},"datePublished":"2025-02-24T22:29:21+00:00","breadcrumb":{"@id":"https:\/\/courtadeimmo.fr\/?page_id=879#breadcrumb"},"inLanguage":"fr-FR","potentialAction":[{"@type":"ReadAction","target":["https:\/\/courtadeimmo.fr\/?page_id=879"]}]},{"@type":"BreadcrumbList","@id":"https:\/\/courtadeimmo.fr\/?page_id=879#breadcrumb","itemListElement":[{"@type":"ListItem","position":1,"name":"Accueil","item":"https:\/\/courtadeimmo.fr\/"},{"@type":"ListItem","position":2,"name":"Mention l\u00e9gales"}]},{"@type":"WebSite","@id":"https:\/\/courtadeimmo.fr\/#website","url":"https:\/\/courtadeimmo.fr\/","name":"Courtade Immobilier","description":"","publisher":{"@id":"https:\/\/courtadeimmo.fr\/#organization"},"potentialAction":[{"@type":"SearchAction","target":{"@type":"EntryPoint","urlTemplate":"https:\/\/courtadeimmo.fr\/?s={search_term_string}"},"query-input":{"@type":"PropertyValueSpecification","valueRequired":true,"valueName":"search_term_string"}}],"inLanguage":"fr-FR"},{"@type":"Organization","@id":"https:\/\/courtadeimmo.fr\/#organization","name":"Courtade Immobilier","url":"https:\/\/courtadeimmo.fr\/","logo":{"@type":"ImageObject","inLanguage":"fr-FR","@id":"https:\/\/courtadeimmo.fr\/#\/schema\/logo\/image\/","url":"https:\/\/courtadeimmo.fr\/wp-content\/uploads\/2025\/02\/logoCourtade.png","contentUrl":"https:\/\/courtadeimmo.fr\/wp-content\/uploads\/2025\/02\/logoCourtade.png","width":500,"height":111,"caption":"Courtade Immobilier"},"image":{"@id":"https:\/\/courtadeimmo.fr\/#\/schema\/logo\/image\/"}}]}},"_links":{"self":[{"href":"https:\/\/courtadeimmo.fr\/index.php?rest_route=\/wp\/v2\/pages\/879","targetHints":{"allow":["GET"]}}],"collection":[{"href":"https:\/\/courtadeimmo.fr\/index.php?rest_route=\/wp\/v2\/pages"}],"about":[{"href":"https:\/\/courtadeimmo.fr\/index.php?rest_route=\/wp\/v2\/types\/page"}],"author":[{"embeddable":true,"href":"https:\/\/courtadeimmo.fr\/index.php?rest_route=\/wp\/v2\/users\/1"}],"replies":[{"embeddable":true,"href":"https:\/\/courtadeimmo.fr\/index.php?rest_route=%2Fwp%2Fv2%2Fcomments&post=879"}],"version-history":[{"count":2,"href":"https:\/\/courtadeimmo.fr\/index.php?rest_route=\/wp\/v2\/pages\/879\/revisions"}],"predecessor-version":[{"id":881,"href":"https:\/\/courtadeimmo.fr\/index.php?rest_route=\/wp\/v2\/pages\/879\/revisions\/881"}],"wp:attachment":[{"href":"https:\/\/courtadeimmo.fr\/index.php?rest_route=%2Fwp%2Fv2%2Fmedia&parent=879"}],"curies":[{"name":"wp","href":"https:\/\/api.w.org\/{rel}","templated":true}]}}